{"id":1087,"date":"2023-02-20T14:28:47","date_gmt":"2023-02-20T14:28:47","guid":{"rendered":"https:\/\/cege-partners.com\/?page_id=1087"},"modified":"2025-03-28T13:34:31","modified_gmt":"2025-03-28T13:34:31","slug":"qui-sommes-nous","status":"publish","type":"page","link":"https:\/\/cege-partners.com\/en\/qui-sommes-nous\/","title":{"rendered":"About us"},"content":{"rendered":"<p class=\"wp-block-paragraph\">Founded in 2021, C.E &amp; G.E Partners is a project development company in Africa, with particular expertise in renewable energy. Our mission is to provide sustainable solutions tailored to Africa's energy needs, while contributing to the fight against climate change.<\/p>\n\n\n\n<p class=\"wp-block-paragraph\">We work closely with local communities, governments, and private sector partners to develop efficient and sustainable energy projects. Our innovative processes will help accelerate the achievement of sustainable development goals.<\/p>\n\n\n\n<p class=\"wp-block-paragraph\">We are proud to contribute to Africa's economic and social development while helping to preserve the environment. Our renewable energy projects have a significant impact on local communities by providing affordable, reliable, and clean energy while reducing their carbon footprint.<\/p>\n\n\n\n<p class=\"wp-block-paragraph\">We collaborate with energy, engineering, and finance professionals to ensure the success of each project. We are passionate about our work and committed to making a positive difference in Africa and for the planet as a whole.<\/p>\n\n\n\n<div class=\"wp-block-group alignwide is-layout-flow wp-block-group-is-layout-flow\">\n<div class=\"wp-block-columns is-layout-flex wp-container-core-columns-is-layout-c7ebd8d6 wp-block-columns-is-layout-flex\">\n<div class=\"wp-block-column is-layout-flow wp-block-column-is-layout-flow\">\n<figure class=\"wp-block-image aligncenter size-large is-resized is-style-default\"><img loading=\"lazy\" decoding=\"async\" width=\"800\" height=\"800\" src=\"https:\/\/cege-partners.com\/wp-content\/uploads\/2025\/03\/Cedric-pic.jpeg\" alt=\"\" class=\"wp-image-1450\" style=\"aspect-ratio:3\/4;object-fit:cover;width:auto;height:300px\" srcset=\"https:\/\/cege-partners.com\/wp-content\/uploads\/2025\/03\/Cedric-pic.jpeg 800w, https:\/\/cege-partners.com\/wp-content\/uploads\/2025\/03\/Cedric-pic-300x300.jpeg 300w, https:\/\/cege-partners.com\/wp-content\/uploads\/2025\/03\/Cedric-pic-150x150.jpeg 150w, https:\/\/cege-partners.com\/wp-content\/uploads\/2025\/03\/Cedric-pic-768x768.jpeg 768w, https:\/\/cege-partners.com\/wp-content\/uploads\/2025\/03\/Cedric-pic-12x12.jpeg 12w\" sizes=\"auto, (max-width: 800px) 100vw, 800px\" \/><\/figure>\n\n\n\n<h3 class=\"wp-block-heading has-text-align-center has-medium-font-size\" id=\"member-name-1\">C\u00e9dric Ekindi<\/h3>\n\n\n\n<p class=\"has-text-align-center has-primary-color has-text-color has-link-color wp-elements-a2ac49a666ed4cec61273df65b7e5126 wp-block-paragraph\">Co-founder CE &amp; GE Partners<\/p>\n<\/div>\n\n\n\n<div class=\"wp-block-column is-layout-flow wp-block-column-is-layout-flow\">\n<figure class=\"wp-block-image aligncenter size-large is-resized is-style-default\"><img loading=\"lazy\" decoding=\"async\" width=\"768\" height=\"1024\" src=\"https:\/\/cege-partners.com\/wp-content\/uploads\/2025\/03\/Photo_GEK-768x1024.jpg\" alt=\"\" class=\"wp-image-1451\" style=\"aspect-ratio:3\/4;object-fit:cover;width:auto;height:300px\" srcset=\"https:\/\/cege-partners.com\/wp-content\/uploads\/2025\/03\/Photo_GEK-768x1024.jpg 768w, https:\/\/cege-partners.com\/wp-content\/uploads\/2025\/03\/Photo_GEK-225x300.jpg 225w, https:\/\/cege-partners.com\/wp-content\/uploads\/2025\/03\/Photo_GEK-1152x1536.jpg 1152w, https:\/\/cege-partners.com\/wp-content\/uploads\/2025\/03\/Photo_GEK-1536x2048.jpg 1536w, https:\/\/cege-partners.com\/wp-content\/uploads\/2025\/03\/Photo_GEK-9x12.jpg 9w, https:\/\/cege-partners.com\/wp-content\/uploads\/2025\/03\/Photo_GEK-scaled.jpg 1920w\" sizes=\"auto, (max-width: 768px) 100vw, 768px\" \/><\/figure>\n\n\n\n<h3 class=\"wp-block-heading has-text-align-center has-medium-font-size\" id=\"member-name-1\">Guithe Ekindi<\/h3>\n\n\n\n<p class=\"has-text-align-center has-primary-color has-text-color has-link-color wp-elements-597dae97483188934a0876dc13cfcf5f wp-block-paragraph\">Co-founder CE &amp; GE Partners<\/p>\n<\/div>\n<\/div>\n<\/div>","protected":false},"excerpt":{"rendered":"<p>Cr\u00e9\u00e9 en 2021, C.E &amp; G.E Partners est une entreprise de d\u00e9veloppement de projets en Afrique, avec une expertise particuli\u00e8re dans les \u00e9nergies renouvelables. Notre mission est de fournir des solutions durables et adapt\u00e9es aux besoins \u00e9nerg\u00e9tiques de l&rsquo;Afrique, tout en contribuant \u00e0 la lutte contre le changement climatique. Nous travaillons en \u00e9troite collaboration avec [&hellip;]<\/p>\n","protected":false},"author":2,"featured_media":0,"parent":0,"menu_order":0,"comment_status":"closed","ping_status":"closed","template":"","meta":{"_crdt_document":"","footnotes":""},"class_list":["post-1087","page","type-page","status-publish","hentry"],"_links":{"self":[{"href":"https:\/\/cege-partners.com\/en\/wp-json\/wp\/v2\/pages\/1087","targetHints":{"allow":["GET"]}}],"collection":[{"href":"https:\/\/cege-partners.com\/en\/wp-json\/wp\/v2\/pages"}],"about":[{"href":"https:\/\/cege-partners.com\/en\/wp-json\/wp\/v2\/types\/page"}],"author":[{"embeddable":true,"href":"https:\/\/cege-partners.com\/en\/wp-json\/wp\/v2\/users\/2"}],"replies":[{"embeddable":true,"href":"https:\/\/cege-partners.com\/en\/wp-json\/wp\/v2\/comments?post=1087"}],"version-history":[{"count":14,"href":"https:\/\/cege-partners.com\/en\/wp-json\/wp\/v2\/pages\/1087\/revisions"}],"predecessor-version":[{"id":1467,"href":"https:\/\/cege-partners.com\/en\/wp-json\/wp\/v2\/pages\/1087\/revisions\/1467"}],"wp:attachment":[{"href":"https:\/\/cege-partners.com\/en\/wp-json\/wp\/v2\/media?parent=1087"}],"curies":[{"name":"wp","href":"https:\/\/api.w.org\/{rel}","templated":true}]}}