{"id":1089,"date":"2023-02-20T14:31:38","date_gmt":"2023-02-20T14:31:38","guid":{"rendered":"https:\/\/cege-partners.com\/?page_id=1089"},"modified":"2024-12-16T13:49:49","modified_gmt":"2024-12-16T13:49:49","slug":"la-mission-phenix-un-defi-environnemental","status":"publish","type":"page","link":"https:\/\/cege-partners.com\/en\/la-mission-phenix-un-defi-environnemental\/","title":{"rendered":"The Ph\u00e9nix mission: an environmental challenge"},"content":{"rendered":"<p class=\"wp-block-paragraph\">The environmental challenge we are facing is immense. Each year, we produce ever-increasing amounts of waste, emit excessive greenhouse gases, and contribute to the degradation of our environment. We need to take urgent action to reduce our impact on the planet.<\/p>\n\n\n\n<p class=\"wp-block-paragraph\">This is why the Ph\u00e9nix mission is so important. By giving photovoltaic panels a second life, we help reduce waste and pollution by preventing these panels from ending up in landfills. Furthermore, by reusing materials that would otherwise have been lost, we reduce our environmental impact.<\/p>\n\n\n\n<p class=\"wp-block-paragraph\">But that\u2019s not all. By encouraging the reuse of photovoltaic panels, we also contribute to the fight against climate change by reducing the amount of greenhouse gases emitted during the production of new panels. We also help reduce environmental degradation by limiting the need for new extraction of natural resources.<\/p>\n\n\n\n<p class=\"wp-block-paragraph\">In short, the Ph\u00e9nix mission is an ambitious but essential environmental challenge. By working together to give photovoltaic panels a second life, we can make a significant difference for our planet and help build a more sustainable future.<\/p>","protected":false},"excerpt":{"rendered":"<p>Le d\u00e9fi environnemental auquel nous sommes confront\u00e9s est immense. Nous produisons chaque ann\u00e9e des quantit\u00e9s toujours plus importantes de d\u00e9chets, \u00e9mettons des gaz \u00e0 effet de serre en exc\u00e8s, et contribuons \u00e0 la d\u00e9gradation de notre environnement. Il est urgent d&rsquo;agir pour r\u00e9duire notre impact sur la plan\u00e8te. C&rsquo;est pourquoi la mission Ph\u00e9nix est si [&hellip;]<\/p>\n","protected":false},"author":2,"featured_media":0,"parent":0,"menu_order":0,"comment_status":"closed","ping_status":"closed","template":"","meta":{"_crdt_document":"","footnotes":""},"class_list":["post-1089","page","type-page","status-publish","hentry"],"_links":{"self":[{"href":"https:\/\/cege-partners.com\/en\/wp-json\/wp\/v2\/pages\/1089","targetHints":{"allow":["GET"]}}],"collection":[{"href":"https:\/\/cege-partners.com\/en\/wp-json\/wp\/v2\/pages"}],"about":[{"href":"https:\/\/cege-partners.com\/en\/wp-json\/wp\/v2\/types\/page"}],"author":[{"embeddable":true,"href":"https:\/\/cege-partners.com\/en\/wp-json\/wp\/v2\/users\/2"}],"replies":[{"embeddable":true,"href":"https:\/\/cege-partners.com\/en\/wp-json\/wp\/v2\/comments?post=1089"}],"version-history":[{"count":2,"href":"https:\/\/cege-partners.com\/en\/wp-json\/wp\/v2\/pages\/1089\/revisions"}],"predecessor-version":[{"id":1091,"href":"https:\/\/cege-partners.com\/en\/wp-json\/wp\/v2\/pages\/1089\/revisions\/1091"}],"wp:attachment":[{"href":"https:\/\/cege-partners.com\/en\/wp-json\/wp\/v2\/media?parent=1089"}],"curies":[{"name":"wp","href":"https:\/\/api.w.org\/{rel}","templated":true}]}}