{"id":1189,"date":"2023-08-28T16:21:39","date_gmt":"2023-08-28T16:21:39","guid":{"rendered":"https:\/\/cege-partners.com\/?page_id=1189"},"modified":"2025-05-16T16:39:28","modified_gmt":"2025-05-16T16:39:28","slug":"home","status":"publish","type":"page","link":"https:\/\/cege-partners.com\/en\/","title":{"rendered":"Home"},"content":{"rendered":"<div class=\"wp-block-cover alignfull\" style=\"margin-top:0px;margin-bottom:0px;padding-top:0px;padding-right:0px;padding-bottom:0px;padding-left:0px\"><img loading=\"lazy\" decoding=\"async\" width=\"1024\" height=\"576\" class=\"wp-block-cover__image-background wp-image-1276 size-large\" alt=\"\" src=\"https:\/\/cege-partners.com\/wp-content\/uploads\/2023\/09\/solar-panels-ground-nature-greenery-around_light-1024x576.jpg\" data-object-fit=\"cover\" srcset=\"https:\/\/cege-partners.com\/wp-content\/uploads\/2023\/09\/solar-panels-ground-nature-greenery-around_light-1024x576.jpg 1024w, https:\/\/cege-partners.com\/wp-content\/uploads\/2023\/09\/solar-panels-ground-nature-greenery-around_light-300x169.jpg 300w, https:\/\/cege-partners.com\/wp-content\/uploads\/2023\/09\/solar-panels-ground-nature-greenery-around_light-768x432.jpg 768w, https:\/\/cege-partners.com\/wp-content\/uploads\/2023\/09\/solar-panels-ground-nature-greenery-around_light-1536x864.jpg 1536w, https:\/\/cege-partners.com\/wp-content\/uploads\/2023\/09\/solar-panels-ground-nature-greenery-around_light-2048x1152.jpg 2048w\" sizes=\"auto, (max-width: 1024px) 100vw, 1024px\" \/><span aria-hidden=\"true\" class=\"wp-block-cover__background has-contrast-background-color has-background-dim-30 has-background-dim\"><\/span><div class=\"wp-block-cover__inner-container is-layout-flow wp-container-core-cover-is-layout-02da29b5 wp-block-cover-is-layout-flow\">\n<h1 class=\"wp-block-heading has-text-align-center has-base-color has-text-color has-max-60-font-size\">The Ph\u00e9nix Mission<\/h1>\n<\/div><\/div>\n\n\n\n<div class=\"wp-block-group alignfull is-style-default has-contrast-color has-base-background-color has-text-color has-background has-link-color wp-elements-262390756932b005161bf9a6f2c40cdd has-global-padding is-layout-constrained wp-block-group-is-layout-constrained\" style=\"margin-top:0;margin-bottom:0\">\n<div style=\"height:100px\" aria-hidden=\"true\" class=\"wp-block-spacer\"><\/div>\n\n\n\n<h2 class=\"wp-block-heading has-text-align-center has-max-48-font-size\"><strong>A bright future for solar energy in Africa<\/strong><\/h2>\n\n\n\n<p class=\"has-text-align-center wp-block-heading has-large-font-size wp-block-paragraph\">C.E &amp; G.E Partners, expert in development and the production of photovoltaic energy, offers innovative processes that promote significant progress toward achieving sustainability and sustainable development goals.<\/p>\n\n\n\n<div style=\"height:100px\" aria-hidden=\"true\" class=\"wp-block-spacer\"><\/div>\n<\/div>\n\n\n\n<div class=\"wp-block-group alignfull has-contrast-color has-neutral-background-color has-text-color has-background has-global-padding is-layout-constrained wp-block-group-is-layout-constrained\" style=\"margin-top:0px\">\n<div style=\"height:48px\" aria-hidden=\"true\" class=\"wp-block-spacer\"><\/div>\n\n\n\n<div class=\"wp-block-media-text alignwide is-stacked-on-mobile\" style=\"grid-template-columns:40% auto\"><figure class=\"wp-block-media-text__media\"><img loading=\"lazy\" decoding=\"async\" width=\"1024\" height=\"683\" src=\"https:\/\/cege-partners.com\/wp-content\/uploads\/2022\/07\/alternative-21761-1024x683.jpg\" alt=\"\" class=\"wp-image-897 size-full\" srcset=\"https:\/\/cege-partners.com\/wp-content\/uploads\/2022\/07\/alternative-21761-1024x683.jpg 1024w, https:\/\/cege-partners.com\/wp-content\/uploads\/2022\/07\/alternative-21761-300x200.jpg 300w, https:\/\/cege-partners.com\/wp-content\/uploads\/2022\/07\/alternative-21761-768x512.jpg 768w, https:\/\/cege-partners.com\/wp-content\/uploads\/2022\/07\/alternative-21761-1536x1024.jpg 1536w, https:\/\/cege-partners.com\/wp-content\/uploads\/2022\/07\/alternative-21761-2048x1365.jpg 2048w\" sizes=\"auto, (max-width: 1024px) 100vw, 1024px\" \/><\/figure><div class=\"wp-block-media-text__content\">\n<h2 class=\"wp-block-heading has-main-color has-text-color has-x-large-font-size\" id=\"text-on-left-image-on-right\">Providing reliable, sustainable and affordable energy across Africa<\/h2>\n\n\n\n<p class=\"wp-block-paragraph\">Rural areas around the world are generally under-electrified, and urban centers in Sub-Saharan Africa face considerable challenges in ensuring stable electrical services. The Ph\u00e9nix mission aims to alleviate the strain on urban electrical grids and improve electrification rates in rural areas.<\/p>\n\n\n\n<div class=\"wp-block-buttons is-layout-flex wp-container-core-buttons-is-layout-0f85f744 wp-block-buttons-is-layout-flex\">\n<div class=\"wp-block-button is-style-fill-base is-style-fill\"><a class=\"wp-block-button__link no-border-radius wp-element-button\" href=\"https:\/\/cege-partners.com\/en\/nos-actions-energie-fiable-durable-abordable\/\">Learn more<\/a><\/div>\n\n\n\n<div class=\"wp-block-button is-style-outline-base\"><a class=\"wp-block-button__link no-border-radius wp-element-button\" href=\"https:\/\/cege-partners.com\/en\/contact\/\">Contact us<\/a><\/div>\n<\/div>\n<\/div><\/div>\n\n\n\n<div style=\"height:48px\" aria-hidden=\"true\" class=\"wp-block-spacer\"><\/div>\n<\/div>\n\n\n\n<div class=\"wp-block-group alignfull has-contrast-color has-custom-color-3-background-color has-text-color has-background has-global-padding is-layout-constrained wp-block-group-is-layout-constrained\" style=\"margin-top:0px\">\n<div style=\"height:48px\" aria-hidden=\"true\" class=\"wp-block-spacer\"><\/div>\n\n\n\n<div class=\"wp-block-media-text alignwide has-media-on-the-right is-stacked-on-mobile\" style=\"grid-template-columns:auto 40%\"><div class=\"wp-block-media-text__content\">\n<h2 class=\"wp-block-heading has-main-color has-text-color has-x-large-font-size\" id=\"text-on-left-image-on-right\">The Ph\u00e9nix mission: an environmental challenge<\/h2>\n\n\n\n<p class=\"wp-block-paragraph\">By giving photovoltaic panels a second life, the Ph\u00e9nix mission helps reduce waste, pollution, and environmental degradation.<\/p>\n\n\n\n<div class=\"wp-block-buttons is-layout-flex wp-container-core-buttons-is-layout-0f85f744 wp-block-buttons-is-layout-flex\">\n<div class=\"wp-block-button is-style-fill-base\"><a class=\"wp-block-button__link has-custom-color-4-background-color has-background no-border-radius wp-element-button\" href=\"https:\/\/cege-partners.com\/en\/la-mission-phenix-un-defi-environnemental\/\">Learn more<\/a><\/div>\n\n\n\n<div class=\"wp-block-button is-style-outline-base\"><a class=\"wp-block-button__link has-custom-color-4-background-color has-background no-border-radius wp-element-button\" href=\"https:\/\/cege-partners.com\/en\/contact\/\">Contact us<\/a><\/div>\n<\/div>\n<\/div><figure class=\"wp-block-media-text__media\"><img loading=\"lazy\" decoding=\"async\" width=\"1024\" height=\"1024\" src=\"https:\/\/cege-partners.com\/wp-content\/uploads\/2022\/09\/panneau-defi-1024x1024.jpg\" alt=\"\" class=\"wp-image-951 size-full\" srcset=\"https:\/\/cege-partners.com\/wp-content\/uploads\/2022\/09\/panneau-defi-1024x1024.jpg 1024w, https:\/\/cege-partners.com\/wp-content\/uploads\/2022\/09\/panneau-defi-300x300.jpg 300w, https:\/\/cege-partners.com\/wp-content\/uploads\/2022\/09\/panneau-defi-150x150.jpg 150w, https:\/\/cege-partners.com\/wp-content\/uploads\/2022\/09\/panneau-defi-768x768.jpg 768w, https:\/\/cege-partners.com\/wp-content\/uploads\/2022\/09\/panneau-defi-1536x1536.jpg 1536w, https:\/\/cege-partners.com\/wp-content\/uploads\/2022\/09\/panneau-defi.jpg 1600w\" sizes=\"auto, (max-width: 1024px) 100vw, 1024px\" \/><\/figure><\/div>\n\n\n\n<div style=\"height:48px\" aria-hidden=\"true\" class=\"wp-block-spacer\"><\/div>\n<\/div>\n\n\n\n<div class=\"wp-block-group alignfull has-neutral-background-color has-background has-global-padding is-layout-constrained wp-block-group-is-layout-constrained\" style=\"margin-top:0px\">\n<div style=\"height:100px\" aria-hidden=\"true\" class=\"wp-block-spacer\"><\/div>\n\n\n\n<p class=\"has-text-align-center has-x-large-font-size wp-block-paragraph\">More than 100 kWp of solar photovoltaic power already installed.<\/p>\n\n\n\n<p class=\"has-text-align-center wp-block-heading has-large-font-size wp-block-paragraph\">Some of our achievements in pictures<\/p>\n\n\n\n<div style=\"height:40px\" aria-hidden=\"true\" class=\"wp-block-spacer\"><\/div>\n\n\n\n<div class=\"wp-block-columns alignwide is-layout-flex wp-container-core-columns-is-layout-c7ebd8d6 wp-block-columns-is-layout-flex\">\n<div class=\"wp-block-column is-layout-flow wp-block-column-is-layout-flow\">\n<figure class=\"wp-block-image size-large\"><img loading=\"lazy\" decoding=\"async\" width=\"1024\" height=\"1024\" src=\"https:\/\/cege-partners.com\/wp-content\/uploads\/2022\/10\/Site_manuka_photo1-1024x1024.gif\" alt=\"\" class=\"wp-image-1060\" style=\"aspect-ratio:4\/3;object-fit:cover\" srcset=\"https:\/\/cege-partners.com\/wp-content\/uploads\/2022\/10\/Site_manuka_photo1-1024x1024.gif 1024w, https:\/\/cege-partners.com\/wp-content\/uploads\/2022\/10\/Site_manuka_photo1-300x300.gif 300w, https:\/\/cege-partners.com\/wp-content\/uploads\/2022\/10\/Site_manuka_photo1-150x150.gif 150w, https:\/\/cege-partners.com\/wp-content\/uploads\/2022\/10\/Site_manuka_photo1-768x768.gif 768w\" sizes=\"auto, (max-width: 1024px) 100vw, 1024px\" \/><\/figure>\n\n\n\n<h3 class=\"wp-block-heading has-text-align-center has-primary-color has-text-color has-link-color wp-elements-96ca05eccb817738ee40ae11185f3b75\" id=\"sample-heading-1\">Littoral, Cameroun<\/h3>\n\n\n\n<p class=\"has-text-align-center wp-block-paragraph\" style=\"font-size:clamp(14px, 0.875rem + ((1vw - 3.2px) * 0.455), 18px);\">Mini power plant 1<\/p>\n<\/div>\n\n\n\n<div class=\"wp-block-column is-layout-flow wp-block-column-is-layout-flow\">\n<figure class=\"wp-block-image size-full\"><img loading=\"lazy\" decoding=\"async\" width=\"1000\" height=\"750\" src=\"https:\/\/cege-partners.com\/wp-content\/uploads\/2024\/05\/site2.jpg\" alt=\"\" class=\"wp-image-1304\" style=\"aspect-ratio:4\/3;object-fit:cover\" srcset=\"https:\/\/cege-partners.com\/wp-content\/uploads\/2024\/05\/site2.jpg 1000w, https:\/\/cege-partners.com\/wp-content\/uploads\/2024\/05\/site2-300x225.jpg 300w, https:\/\/cege-partners.com\/wp-content\/uploads\/2024\/05\/site2-768x576.jpg 768w\" sizes=\"auto, (max-width: 1000px) 100vw, 1000px\" \/><\/figure>\n\n\n\n<h3 class=\"wp-block-heading has-text-align-center has-primary-color has-text-color has-link-color wp-elements-e0a4b7b52a22c0b9eff14e60d8f84c7d\" id=\"sample-heading-2\">Littoral, Cameroun<\/h3>\n\n\n\n<p class=\"has-text-align-center wp-block-paragraph\" style=\"font-size:clamp(14px, 0.875rem + ((1vw - 3.2px) * 0.455), 18px);\">Mini power plant 2<\/p>\n<\/div>\n<\/div>\n\n\n\n<div style=\"height:100px\" aria-hidden=\"true\" class=\"wp-block-spacer\"><\/div>\n<\/div>\n\n\n\n<div class=\"wp-block-group alignfull has-global-padding is-layout-constrained wp-block-group-is-layout-constrained\" style=\"margin-top:0px\">\n<div style=\"height:40px\" aria-hidden=\"true\" class=\"wp-block-spacer\"><\/div>\n\n\n\n<h2 class=\"wp-block-heading has-text-align-center has-primary-color has-text-color has-link-color has-x-large-font-size wp-elements-47c41949e179cb6784d64e0af4a82a08\">They put their trust in us<\/h2>\n\n\n\n<div style=\"height:40px\" aria-hidden=\"true\" class=\"wp-block-spacer\"><\/div>\n\n\n\n<div class=\"wp-block-columns alignwide is-layout-flex wp-container-core-columns-is-layout-c7ebd8d6 wp-block-columns-is-layout-flex\">\n<div class=\"wp-block-column is-layout-flow wp-block-column-is-layout-flow\">\n<figure class=\"wp-block-image alignleft size-full is-resized\"><img loading=\"lazy\" decoding=\"async\" width=\"658\" height=\"675\" src=\"https:\/\/cege-partners.com\/wp-content\/uploads\/2023\/05\/CUD.png\" alt=\"\" class=\"wp-image-1167\" style=\"width:430px\" srcset=\"https:\/\/cege-partners.com\/wp-content\/uploads\/2023\/05\/CUD.png 658w, https:\/\/cege-partners.com\/wp-content\/uploads\/2023\/05\/CUD-292x300.png 292w\" sizes=\"auto, (max-width: 658px) 100vw, 658px\" \/><\/figure>\n<\/div>\n\n\n\n<div class=\"wp-block-column is-layout-flow wp-block-column-is-layout-flow\">\n<figure class=\"wp-block-image size-large is-resized\"><img loading=\"lazy\" decoding=\"async\" width=\"1024\" height=\"926\" src=\"https:\/\/cege-partners.com\/wp-content\/uploads\/2023\/09\/CUED-e1694795935677-1024x926.jpeg\" alt=\"\" class=\"wp-image-1235\" style=\"width:480px\"\/><\/figure>\n<\/div>\n<\/div>\n\n\n\n<div style=\"height:100px\" aria-hidden=\"true\" class=\"wp-block-spacer\"><\/div>\n<\/div>\n\n\n\n<div class=\"wp-block-group alignfull has-base-color has-secondary-background-color has-text-color has-background has-global-padding is-layout-constrained wp-block-group-is-layout-constrained\" style=\"margin-top:0px\">\n<div style=\"height:49px\" aria-hidden=\"true\" class=\"wp-block-spacer\"><\/div>\n\n\n\n<div class=\"wp-block-columns alignwide is-layout-flex wp-container-core-columns-is-layout-c7ebd8d6 wp-block-columns-is-layout-flex\">\n<div class=\"wp-block-column is-vertically-aligned-center is-layout-flow wp-block-column-is-layout-flow\" style=\"flex-basis:60%\">\n<p class=\"has-main-color has-text-color has-large-font-size wp-block-paragraph\" style=\"line-height:1.5\">Would you like to find out more and\/or take part in the Ph\u00e9nix Mission?<\/p>\n<\/div>\n\n\n\n<div class=\"wp-block-column is-vertically-aligned-center is-layout-flow wp-block-column-is-layout-flow\" style=\"flex-basis:40%\">\n<div class=\"wp-block-buttons is-horizontal is-content-justification-right is-layout-flex wp-container-core-buttons-is-layout-656aee4a wp-block-buttons-is-layout-flex\">\n<div class=\"wp-block-button large is-style-fill-base\"><a class=\"wp-block-button__link no-border-radius wp-element-button\" href=\"https:\/\/cege-partners.com\/en\/contact\/\">Contact us<\/a><\/div>\n<\/div>\n<\/div>\n<\/div>\n\n\n\n<div style=\"height:48px\" aria-hidden=\"true\" class=\"wp-block-spacer\"><\/div>\n<\/div>","protected":false},"excerpt":{"rendered":"<p>Un avenir brillant pour l&rsquo;\u00e9nergie solaire en Afrique C.E &amp; G.E Partners, expert du d\u00e9veloppement et de la production d&rsquo;\u00e9nergie photovolta\u00efque, propose des proc\u00e9d\u00e9s innovants qui favorisent une avanc\u00e9e significative vers la r\u00e9alisation des objectifs de durabilit\u00e9 et de d\u00e9veloppement durable. Fournir une \u00e9nergie fiable, durable et abordable dans toute l&rsquo;Afrique Les r\u00e9gions rurales dans [&hellip;]<\/p>\n","protected":false},"author":1,"featured_media":0,"parent":0,"menu_order":0,"comment_status":"closed","ping_status":"closed","template":"wp-custom-template-page-principale","meta":{"_crdt_document":"","footnotes":""},"class_list":["post-1189","page","type-page","status-publish","hentry"],"_links":{"self":[{"href":"https:\/\/cege-partners.com\/en\/wp-json\/wp\/v2\/pages\/1189","targetHints":{"allow":["GET"]}}],"collection":[{"href":"https:\/\/cege-partners.com\/en\/wp-json\/wp\/v2\/pages"}],"about":[{"href":"https:\/\/cege-partners.com\/en\/wp-json\/wp\/v2\/types\/page"}],"author":[{"embeddable":true,"href":"https:\/\/cege-partners.com\/en\/wp-json\/wp\/v2\/users\/1"}],"replies":[{"embeddable":true,"href":"https:\/\/cege-partners.com\/en\/wp-json\/wp\/v2\/comments?post=1189"}],"version-history":[{"count":71,"href":"https:\/\/cege-partners.com\/en\/wp-json\/wp\/v2\/pages\/1189\/revisions"}],"predecessor-version":[{"id":1442,"href":"https:\/\/cege-partners.com\/en\/wp-json\/wp\/v2\/pages\/1189\/revisions\/1442"}],"wp:attachment":[{"href":"https:\/\/cege-partners.com\/en\/wp-json\/wp\/v2\/media?parent=1189"}],"curies":[{"name":"wp","href":"https:\/\/api.w.org\/{rel}","templated":true}]}}