{"id":1414,"date":"2025-01-08T21:11:50","date_gmt":"2025-01-08T21:11:50","guid":{"rendered":"https:\/\/cege-partners.com\/?page_id=1414"},"modified":"2025-01-08T21:11:51","modified_gmt":"2025-01-08T21:11:51","slug":"mentions-legales","status":"publish","type":"page","link":"https:\/\/cege-partners.com\/en\/mentions-legales\/","title":{"rendered":"Legal Notice"},"content":{"rendered":"<p class=\"wp-block-paragraph\">The <a href=\"https:\/\/cege-partners.com\/en\/\">https:\/\/cege-partners.com\/<\/a> website is published by C.E&amp;G.E Partners, G.P.<\/p>\n\n\n\n<h2 class=\"wp-block-heading\">Canada<\/h2>\n\n\n\n<p class=\"wp-block-paragraph\">C.E&amp;G.E Partners, G.P.<br>Qu\u00e9bec Enterprise Number (NEQ): 3375481747<br>Registered office: 3385 rue La V\u00e9rendrye Sherbrooke (Qu\u00e9bec) J1L1W8 Canada<br>Contact: <a href=\"mailto:info@cege-partners.com\">info@cege-partners.com<\/a><\/p>\n\n\n\n<h2 class=\"wp-block-heading\">Cameroon<\/h2>\n\n\n\n<p class=\"wp-block-paragraph\">C.E&amp;G.E Partners Cameroun SARL<br>RCCM: CM-DLA-03-2024-B12-00092<br>Unique identification number (UIN): M022416497858B<br>Registered office: Douala, Cameroun<br>Contact: <a href=\"mailto:info@cege-partners.com\">info@cege-partners.com<\/a><\/p>","protected":false},"excerpt":{"rendered":"<p>Le site https:\/\/cege-partners.com\/ est \u00e9dit\u00e9 par la soci\u00e9t\u00e9 C.E&amp;G.E Partners, G.P. Canada C.E&amp;G.E Partners, G.P.Num\u00e9ro de l&rsquo;entreprise du Qu\u00e9bec (NEQ) : 3375481747Si\u00e8ge social : 3385 rue La V\u00e9rendrye Sherbrooke (Qu\u00e9bec) J1L1W8 CanadaContact : info@cege-partners.com Cameroun C.E&amp;G.E Partners Cameroun SARLN\u00b0 RCCM : CM-DLA-03-2024-B12-00092Num\u00e9ro identifiant unique (NIU) : M022416497858BSi\u00e8ge social : Douala, CamerounContact : info@cege-partners.com<\/p>","protected":false},"author":1,"featured_media":0,"parent":0,"menu_order":0,"comment_status":"closed","ping_status":"closed","template":"","meta":{"_crdt_document":"","footnotes":""},"class_list":["post-1414","page","type-page","status-publish","hentry"],"_links":{"self":[{"href":"https:\/\/cege-partners.com\/en\/wp-json\/wp\/v2\/pages\/1414","targetHints":{"allow":["GET"]}}],"collection":[{"href":"https:\/\/cege-partners.com\/en\/wp-json\/wp\/v2\/pages"}],"about":[{"href":"https:\/\/cege-partners.com\/en\/wp-json\/wp\/v2\/types\/page"}],"author":[{"embeddable":true,"href":"https:\/\/cege-partners.com\/en\/wp-json\/wp\/v2\/users\/1"}],"replies":[{"embeddable":true,"href":"https:\/\/cege-partners.com\/en\/wp-json\/wp\/v2\/comments?post=1414"}],"version-history":[{"count":2,"href":"https:\/\/cege-partners.com\/en\/wp-json\/wp\/v2\/pages\/1414\/revisions"}],"predecessor-version":[{"id":1416,"href":"https:\/\/cege-partners.com\/en\/wp-json\/wp\/v2\/pages\/1414\/revisions\/1416"}],"wp:attachment":[{"href":"https:\/\/cege-partners.com\/en\/wp-json\/wp\/v2\/media?parent=1414"}],"curies":[{"name":"wp","href":"https:\/\/api.w.org\/{rel}","templated":true}]}}