{"id":869,"date":"2021-05-13T06:07:46","date_gmt":"2021-05-13T06:07:46","guid":{"rendered":"https:\/\/demo.frostwp.com\/personal\/?page_id=13"},"modified":"2022-09-22T16:47:35","modified_gmt":"2022-09-22T16:47:35","slug":"nos-actions-de-reyclages-de-panneaux-photovoltaiques","status":"publish","type":"page","link":"https:\/\/cege-partners.com\/en\/nos-actions-de-reyclages-de-panneaux-photovoltaiques\/","title":{"rendered":"Nos actions de recyclage de panneaux photovolta\u00efques"},"content":{"rendered":"\n<div class=\"wp-block-group alignfull has-global-padding is-layout-constrained wp-block-group-is-layout-constrained\">\n<div style=\"height:100px\" aria-hidden=\"true\" class=\"wp-block-spacer\"><\/div>\n\n\n\n<h2 class=\"has-text-align-center has-max-48-font-size wp-block-heading\" id=\"our-services\">Recycler les panneaux photovolta\u00efques <\/h2>\n\n\n\n<div style=\"height:20px\" aria-hidden=\"true\" class=\"wp-block-spacer\"><\/div>\n<\/div>\n\n\n\n<p class=\"wp-block-paragraph\">Avec l\u2019explosion du march\u00e9 des panneaux solaires et le ph\u00e9nom\u00e8ne de repowering des fermes solaires, les d\u00e9chets photovolta\u00efques augmentent de jour en jour. Selon un rapport de 2016 de l\u2019IRENA (International Renewable Energy Agency), durant l\u2019ann\u00e9e 2050 la masse de d\u00e9chets de panneaux dans le monde (~6 millions de tonnes) sera pratiquement \u00e9quivalente \u00e0 la masse de panneaux install\u00e9s (~6,7 millions de tonnes). Nos actions permettent de limiter ces d\u00e9chets d\u00e8s aujourd\u2019hui.<\/p>\n\n\n\n<h3 class=\"wp-block-heading\"><br>D\u00e9ploiement de l\u2019\u00e9nergie solaire photovolta\u00efque et pr\u00e9visions mondiales<br><\/h3>\n\n\n\n<p class=\"wp-block-paragraph\">Le d\u00e9veloppement de l&rsquo;\u00e9nergie solaire photovolta\u00efque conna\u00eet une croissance exponentielle depuis plus de 20 ans \u00e0 l\u2019\u00e9chelle mondiale, avec le concours de facteurs tels que la baisse des prix et des co\u00fbts d&rsquo;installation du solaire photovolta\u00efque ainsi que des politiques gouvernementales favorables.<\/p>\n\n\n\n<p class=\"wp-block-paragraph\">Selon l\u2019IRENA (International Renewable Energy Agency), fin 2015, la capacit\u00e9 photovolta\u00efque install\u00e9e dans le monde atteignait 222 gigawatts (GW) et devrait encore augmenter pour atteindre 4 500 GW d&rsquo;ici 2050, avec des d\u00e9ploiements particuli\u00e8rement \u00e9lev\u00e9s en Chine, en Inde, aux \u00c9tats-Unis, au Japon et en Allemagne.<br><\/p>\n\n\n\n<h3 class=\"wp-block-heading\">La multiplication des d\u00e9chets des panneaux photovolta\u00efques<\/h3>\n\n\n\n<p class=\"wp-block-paragraph\"><br>\u00c0 mesure que le march\u00e9 mondial du photovolta\u00efque augmente, le volume de panneaux photovolta\u00efques d\u00e9class\u00e9s augmente \u00e9galement. Fin 2016, le flux de d\u00e9chets photovolta\u00efques mondiaux cumul\u00e9s \u00e9tait estim\u00e9 entre 43 500 et 250 000 tonnes m\u00e9triques, soit 0,1 % \u00e0 0,6 % du volume de tous les panneaux install\u00e9s (4 millions de tonnes m\u00e9triques). Une grande quantit\u00e9 de d\u00e9chets est pr\u00e9vue dans les ann\u00e9es \u00e0 venir. Avec une dur\u00e9e de vie moyenne des panneaux de 30 ans, d\u2019ici 2030, les d\u00e9chets photovolta\u00efques \u00e9quivaudront \u00e0 4% des panneaux PV install\u00e9s. En 2050, la quantit\u00e9 de d\u00e9chets photovolta\u00efques (5,5 \u00e0 6 millions de tonnes m\u00e9triques) sera quasi \u00e9quivalente \u00e0 la masse de panneaux install\u00e9s dans le monde (6,7 millions de tonnes m\u00e9triques).<\/p>\n\n\n\n<h3 class=\"wp-block-heading\"><br>Projection mondiale des d\u00e9chets de panneaux photovolta\u00efques, 2016-2050<br><\/h3>\n\n\n\n<p class=\"wp-block-paragraph\">Les projections de l&rsquo;IRENA s&rsquo;appuient sur 2 sc\u00e9narios : le premier pr\u00e9voit des pertes de puissances des panneaux normales (barres gris clair sur le graphique) alors que le second s\u2019appuie sur des pertes plus pr\u00e9coces li\u00e9es \u00e0 des probl\u00e8mes techniques (barres gris fonc\u00e9)<\/p>\n\n\n\n<p class=\"wp-block-paragraph\">Barres grises = Cumulative PV panel waste (million t) : D\u00e9chets cumul\u00e9s des panneaux PV (million de tonnes)<br>Courbe en ligne pointill\u00e9e = Cumulative PV capacity (GW) : Capacit\u00e9s cumul\u00e9es en photovolta\u00efque (GW)<\/p>\n\n\n\n<h3 class=\"wp-block-heading\"><br>Le repowering acc\u00e9l\u00e8re la prolif\u00e9ration des d\u00e9chets photovolta\u00efques<br><\/h3>\n\n\n\n<p class=\"wp-block-paragraph\">L\u2019industrie photovolta\u00efque est en constante \u00e9volution. Les am\u00e9liorations technologiques amplifient le ph\u00e9nom\u00e8ne de repowering : les installations existantes sont modernis\u00e9es et les \u00e9quipements sont remplac\u00e9s par des \u00e9quipements de derni\u00e8res technologies bien avant avoir atteint leur fin de vie (voir notre article sur le sujet).<br><\/p>\n\n\n\n<p class=\"wp-block-paragraph\">Compte tenu de l\u2019explosion du march\u00e9 et du ph\u00e9nom\u00e8ne de repowering des fermes solaires, la question du devenir des panneaux solaires photovolta\u00efques usag\u00e9s est s\u00e9rieuse.<br>Le projet Phenix s&rsquo;inscrit dans ce nouveau d\u00e9fi environnemental, permettant de cr\u00e9er de la valeur et de faire face \u00e0 l\u2019augmentation attendue des d\u00e9chets de panneaux. En redonnant une seconde vie aux panneaux photovolta\u00efques, nous r\u00e9duisons ainsi le gaspillage, la pollution et la d\u00e9gradation environnementale.<\/p>\n\n\n\n<p class=\"wp-block-paragraph\"><\/p>\n\n\n\n<h3 class=\"wp-block-heading\">Le recyclage des panneaux solaires : d\u00e9fi environnemental majeur<\/h3>\n\n\n\n<p class=\"wp-block-paragraph\"><br>Le recyclage des panneaux solaires en fin de vie n&rsquo;est malheureusement pas encore tr\u00e8s r\u00e9pandu au niveau mondial, en raison notamment d\u2019un manque de r\u00e9glementations harmonis\u00e9es, d&rsquo;infrastructures de gestion des d\u00e9chets et de coordination entre les secteurs de l&rsquo;\u00e9nergie. Aujourd\u2019hui, seule L\u2019Union europ\u00e9enne a adopt\u00e9 une r\u00e9glementation sp\u00e9cifique aux d\u00e9chets photovolta\u00efques &#8211; la directive europ\u00e9enne relative aux d\u00e9chets d&rsquo;\u00e9quipements \u00e9lectriques et \u00e9lectroniques (DEEE), selon laquelle les fabricants de panneaux solaires sont tenus de financer la collecte et le recyclage des modules.<br><\/p>\n\n\n\n<p class=\"wp-block-paragraph\">Il est pourtant essentiel de ne pas jeter les d\u00e9chets photovolta\u00efques dans les d\u00e9charges afin de garantir la durabilit\u00e9 des technologies renouvelables. La question du recyclage des panneaux solaires en fin de vie est une priorit\u00e9 pour le projet Phoenix.<br>La tr\u00e8s grande majorit\u00e9 des \u00e9l\u00e9ments composant les panneaux solaires est recyclable. Un panneau solaire est compos\u00e9 :<\/p>\n\n\n\n<ul class=\"wp-block-list\">\n<li>d\u2019un cadre en aluminium<\/li>\n\n\n\n<li>de 75% de verre,<\/li>\n\n\n\n<li>de plastiques,<\/li>\n\n\n\n<li>de cellules photovolta\u00efques constitu\u00e9es de semi-conducteurs principalement \u00e0 base de silicium,<\/li>\n\n\n\n<li>de connexions en cuivre et\/ou en argent.<\/li>\n<\/ul>\n\n\n\n<p class=\"wp-block-paragraph\">90% de la masse des panneaux, \u00e0 savoir le verre, l\u2019aluminium et le plastique est recyclable dans les industries correspondantes. Les autres composants comme le silicium et les autres m\u00e9taux en plus faible quantit\u00e9 (cuivre, argent et autres semi-conducteurs) peuvent \u00eatre r\u00e9cup\u00e9r\u00e9s et recycl\u00e9s pour fabriquer de nouveaux panneaux photovolta\u00efques.<\/p>\n\n\n\n<p class=\"wp-block-paragraph\">Le projet Phenix a pour ambition de cr\u00e9er une usine d\u00e9di\u00e9e au recyclage de panneaux solaire en Afrique, et plus particuli\u00e8rement au Cameroun, qui sera financ\u00e9e par :<\/p>\n\n\n\n<ul class=\"wp-block-list\">\n<li>une partie des b\u00e9n\u00e9fices de la revente des panneaux usag\u00e9s ;<\/li>\n\n\n\n<li>les dons de nos partenaires (institutionnels ou priv\u00e9s) ;<\/li>\n\n\n\n<li>les dons de particuliers qui souhaitent soutenir le projet.<\/li>\n<\/ul>\n\n\n\n<div style=\"height:100px\" aria-hidden=\"true\" class=\"wp-block-spacer\"><\/div>\n\n\n\n<ol class=\"has-small-font-size wp-block-list\">\n<li>March\u00e9 de l\u2019\u00e9nergie solaire &#8211; Croissance, Tendances, Impact du COVID-19 et achat (2022-2027). Disponible sur : <a href=\"https:\/\/www.mordorintelligence.com\/fr\/industry-reports\/solar-energy-market\" target=\"_blank\" rel=\"noreferrer noopener\">https:\/\/www.mordorintelligence.com\/fr\/industry-reports\/solar-energy-market<\/a><\/li>\n\n\n\n<li>End-of-Life Management : Solar Photovoltaics Panels [en ligne]. International Renewable Energy Agency (IRENA), juin 2016. Disponible sur : <a href=\"http:\/\/www.irena.org\/DocumentDownloads\/Publications\/IRENA_IEAPVPS_End-of-Life_Solar_PV_Panels_2016.pdf\" target=\"_blank\" rel=\"noreferrer noopener\">http:\/\/www.irena.org\/DocumentDownloads\/Publications\/IRENA_IEAPVPS_End-of-Life_Solar_PV_Panels_2016.pdf<\/a> (29 mai 2020)<\/li>\n\n\n\n<li>Directive 2012\/19\/UE du Parlement europ\u00e9en et du Conseil du 4 juillet 2012 relative aux d\u00e9chets d\u2019\u00e9quipements \u00e9lectriques et \u00e9lectroniques (DEEE) (refonte) [en ligne]. Journal officiel, n\u00b0 L 197, 24 juillet 2012. Disponible sur : <a href=\"https:\/\/eur-lex.europa.eu\/LexUriServ\/LexUriServ.do?uri=OJ:L:2012:197:0038:0071:fr:PDF\" target=\"_blank\" rel=\"noreferrer noopener\">https:\/\/eur-lex.europa.eu\/LexUriServ\/LexUriServ.do?uri=OJ:L:2012:197:0038:0071:fr:PDF<\/a> (4 septembre 2020)<\/li>\n<\/ol>\n\n\n\n<div style=\"height:100px\" aria-hidden=\"true\" class=\"wp-block-spacer\"><\/div>\n\n\n\n<div class=\"wp-block-group alignfull has-main-background-color has-background has-global-padding is-layout-constrained wp-block-group-is-layout-constrained\" style=\"margin-top:0px\">\n<div style=\"height:100px\" aria-hidden=\"true\" class=\"wp-block-spacer\"><\/div>\n\n\n\n<div class=\"wp-block-columns alignwide is-layout-flex wp-container-core-columns-is-layout-c7ebd8d6 wp-block-columns-is-layout-flex\">\n<div class=\"wp-block-column has-base-background-color has-background is-layout-flow wp-block-column-is-layout-flow\" style=\"padding-top:60px;padding-right:60px;padding-bottom:60px;padding-left:60px\">\n<h3 class=\"has-large-font-size wp-block-heading\" id=\"sample-heading-1\">Augmenter le taux d&rsquo;\u00e9lectrification dans les zones rurales<\/h3>\n\n\n\n<p class=\"wp-block-paragraph\">L\u2019am\u00e9lioration des performances et la chute des co\u00fbts de production font du solaire photovolta\u00efque une approche communautaire, permettant de r\u00e9pondre aux besoins de d\u00e9veloppement et aux besoins collectifs \u00e9l\u00e9mentaires.<\/p>\n\n\n\n<div class=\"wp-block-buttons is-layout-flex wp-block-buttons-is-layout-flex\">\n<div class=\"wp-block-button\"><a class=\"wp-block-button__link no-border-radius wp-element-button\">En savoir plus<\/a><\/div>\n<\/div>\n<\/div>\n\n\n\n<div class=\"wp-block-column has-base-background-color has-background is-layout-flow wp-block-column-is-layout-flow\" style=\"padding-top:60px;padding-right:60px;padding-bottom:60px;padding-left:60px\">\n<h3 class=\"has-large-font-size wp-block-heading\" id=\"sample-heading-2\">R\u00e9utiliser le potentiel des panneaux solaires abandonn\u00e9s<\/h3>\n\n\n\n<p class=\"wp-block-paragraph\">Avec l\u2019avanc\u00e9e des nouvelles technologies, le rendement des panneaux solaires, ou panneaux photovolta\u00efques, augmente et les fabricants proposent aux entreprises ou aux organismes de remplacer leurs panneaux solaires avant 10 ans d\u2019\u00e2ge.<\/p>\n\n\n\n<div class=\"wp-block-buttons is-layout-flex wp-block-buttons-is-layout-flex\">\n<div class=\"wp-block-button\"><a class=\"wp-block-button__link no-border-radius wp-element-button\">En savoir plus<\/a><\/div>\n<\/div>\n<\/div>\n<\/div>\n\n\n\n<div style=\"height:100px\" aria-hidden=\"true\" class=\"wp-block-spacer\"><\/div>\n<\/div>\n\n\n\n<div class=\"wp-block-group alignfull has-global-padding is-layout-constrained wp-block-group-is-layout-constrained\" style=\"margin-top:0px\">\n<div style=\"height:100px\" aria-hidden=\"true\" class=\"wp-block-spacer\"><\/div>\n\n\n\n<div class=\"wp-block-columns alignwide is-layout-flex wp-container-core-columns-is-layout-c7ebd8d6 wp-block-columns-is-layout-flex\">\n<div class=\"wp-block-column is-vertically-aligned-center is-layout-flow wp-block-column-is-layout-flow\" style=\"flex-basis:60%\">\n<p class=\"has-large-font-size wp-block-paragraph\" style=\"line-height:1.5\">Vous souhaitez prendre part \u00e0 la mission Ph\u00e9nix ?<\/p>\n<\/div>\n\n\n\n<div class=\"wp-block-column is-vertically-aligned-center is-layout-flow wp-block-column-is-layout-flow\" style=\"flex-basis:40%\">\n<div class=\"wp-block-buttons is-horizontal is-content-justification-right is-layout-flex wp-container-core-buttons-is-layout-656aee4a wp-block-buttons-is-layout-flex\">\n<div class=\"wp-block-button is-style-fill large\"><a class=\"wp-block-button__link no-border-radius wp-element-button\">Faire un don \u2192<\/a><\/div>\n\n\n\n<div class=\"wp-block-button is-style-outline large is-style-outline--1\"><a class=\"wp-block-button__link no-border-radius wp-element-button\">Nous contacter<\/a><\/div>\n<\/div>\n<\/div>\n<\/div>\n\n\n\n<div style=\"height:100px\" aria-hidden=\"true\" class=\"wp-block-spacer\"><\/div>\n<\/div>\n","protected":false},"excerpt":{"rendered":"<p>Recycler les panneaux photovolta\u00efques Avec l\u2019explosion du march\u00e9 des panneaux solaires et le ph\u00e9nom\u00e8ne de repowering des fermes solaires, les d\u00e9chets photovolta\u00efques augmentent de jour en jour. Selon un rapport de 2016 de l\u2019IRENA (International Renewable Energy Agency), durant l\u2019ann\u00e9e 2050 la masse de d\u00e9chets de panneaux dans le monde (~6 millions de tonnes) sera [&hellip;]<\/p>\n","protected":false},"author":2,"featured_media":936,"parent":0,"menu_order":0,"comment_status":"closed","ping_status":"closed","template":"no-title","meta":{"_crdt_document":"","footnotes":""},"class_list":["post-869","page","type-page","status-publish","has-post-thumbnail","hentry"],"_links":{"self":[{"href":"https:\/\/cege-partners.com\/en\/wp-json\/wp\/v2\/pages\/869","targetHints":{"allow":["GET"]}}],"collection":[{"href":"https:\/\/cege-partners.com\/en\/wp-json\/wp\/v2\/pages"}],"about":[{"href":"https:\/\/cege-partners.com\/en\/wp-json\/wp\/v2\/types\/page"}],"author":[{"embeddable":true,"href":"https:\/\/cege-partners.com\/en\/wp-json\/wp\/v2\/users\/2"}],"replies":[{"embeddable":true,"href":"https:\/\/cege-partners.com\/en\/wp-json\/wp\/v2\/comments?post=869"}],"version-history":[{"count":11,"href":"https:\/\/cege-partners.com\/en\/wp-json\/wp\/v2\/pages\/869\/revisions"}],"predecessor-version":[{"id":1086,"href":"https:\/\/cege-partners.com\/en\/wp-json\/wp\/v2\/pages\/869\/revisions\/1086"}],"wp:featuredmedia":[{"embeddable":true,"href":"https:\/\/cege-partners.com\/en\/wp-json\/wp\/v2\/media\/936"}],"wp:attachment":[{"href":"https:\/\/cege-partners.com\/en\/wp-json\/wp\/v2\/media?parent=869"}],"curies":[{"name":"wp","href":"https:\/\/api.w.org\/{rel}","templated":true}]}}