{"id":916,"date":"2022-07-12T15:24:49","date_gmt":"2022-07-12T15:24:49","guid":{"rendered":"https:\/\/cege-partners.com\/?page_id=916"},"modified":"2024-12-19T14:12:39","modified_gmt":"2024-12-19T14:12:39","slug":"nos-actions-energie-fiable-durable-abordable","status":"publish","type":"page","link":"https:\/\/cege-partners.com\/en\/nos-actions-energie-fiable-durable-abordable\/","title":{"rendered":"Nos actions pour fournir une \u00e9nergie fiable, durable et abordable"},"content":{"rendered":"<div style=\"height:100px\" aria-hidden=\"true\" class=\"wp-block-spacer\"><\/div>\n\n\n\n<h1 class=\"wp-block-heading has-primary-color has-text-color has-link-color wp-elements-f7db956a30b441be7fc233931b9c02d3\">Providing reliable, sustainable and affordable energy across Africa<\/h1>\n\n\n\n<p class=\"wp-block-paragraph\">The Ph\u00e9nix mission aims to reduce the strain on existing urban and peri-urban electrical grids and improve electrification rates in rural areas. We offer innovative solar-based technologies to address electrification gaps and their consequences, such as power outages, areas without public lighting, and irregular access to clean drinking water.<br><\/p>\n\n\n\n<div class=\"wp-block-group alignfull has-main-background-color has-background is-layout-flow wp-block-group-is-layout-flow\" style=\"margin-top:0px\">\n<div style=\"height:100px\" aria-hidden=\"true\" class=\"wp-block-spacer\"><\/div>\n\n\n\n<div class=\"wp-block-cover is-light\"><img loading=\"lazy\" decoding=\"async\" width=\"1024\" height=\"404\" class=\"wp-block-cover__image-background wp-image-1076\" alt=\"\" src=\"https:\/\/cege-partners.com\/wp-content\/uploads\/2023\/01\/Neuronal_Net-1024x404.png\" data-object-fit=\"cover\" srcset=\"https:\/\/cege-partners.com\/wp-content\/uploads\/2023\/01\/Neuronal_Net-1024x404.png 1024w, https:\/\/cege-partners.com\/wp-content\/uploads\/2023\/01\/Neuronal_Net-300x118.png 300w, https:\/\/cege-partners.com\/wp-content\/uploads\/2023\/01\/Neuronal_Net-768x303.png 768w, https:\/\/cege-partners.com\/wp-content\/uploads\/2023\/01\/Neuronal_Net.png 1242w\" sizes=\"auto, (max-width: 1024px) 100vw, 1024px\" \/><span aria-hidden=\"true\" class=\"wp-block-cover__background has-background-dim\"><\/span><div class=\"wp-block-cover__inner-container is-layout-flow wp-block-cover-is-layout-flow\">\n<p class=\"has-text-align-center has-base-color has-text-color has-x-large-font-size wp-block-paragraph\">Our solution: <\/p>\n\n\n\n<p class=\"has-text-align-center has-base-color has-text-color has-x-large-font-size wp-block-paragraph\">Neural Solar Networks<\/p>\n<\/div><\/div>\n\n\n\n<div style=\"height:60px\" aria-hidden=\"true\" class=\"wp-block-spacer\"><\/div>\n<\/div>\n\n\n\n<div class=\"wp-block-group has-global-padding is-layout-constrained wp-block-group-is-layout-constrained\">\n<h2 class=\"wp-block-heading has-text-align-center has-primary-color has-text-color has-link-color has-x-large-font-size wp-elements-f34e64dc7b179622e9771eeb0c2558d2\" id=\"image-heading-text-buttons\">What is it?<\/h2>\n\n\n\n<p class=\"has-text-align-center wp-block-paragraph\">These are decentralized smart solar networks that integrate with existing grids and complement the supply. In areas covered by the traditional electricity grid, mini, nano, or pico solar power plants are strategically deployed and integrated into the environment. In areas without electricity grid coverage, autonomous power plants of appropriate size are installed to meet the needs. <\/p>\n\n\n\n<ul class=\"wp-block-list\">\n<li>Site selection and optimal production points with the help of artificial intelligence.<\/li>\n\n\n\n<li>Solar energy injection close to consumption points. <\/li>\n\n\n\n<li>Solar minigrids for uncovered areas connection.<\/li>\n\n\n\n<li>Centralized maintenance with advanced telecommunications encryption.<\/li>\n<\/ul>\n\n\n\n<div style=\"height:100px\" aria-hidden=\"true\" class=\"wp-block-spacer\"><\/div>\n<\/div>\n\n\n\n<div class=\"wp-block-group has-global-padding is-layout-constrained wp-block-group-is-layout-constrained\">\n<h2 class=\"wp-block-heading has-primary-color has-text-color has-link-color wp-elements-c8db4df7eefaaf4f2a8deb84b0835a49\">Solutions tailored to the challenges of Sub-Saharan Africa:<\/h2>\n\n\n\n<ul class=\"wp-block-list\">\n<li>Rapid deployment through simultaneous work on multiple sites.<\/li>\n\n\n\n<li>Fast commissioning of the first watt.<\/li>\n\n\n\n<li>No need for transmission\/distribution network construction in covered areas.<\/li>\n\n\n\n<li>Continuous network expansion with no service interruptions.<\/li>\n\n\n\n<li>Partnerships with local governments, communities, and global sustainable energy stakeholders.<\/li>\n<\/ul>\n\n\n\n<div style=\"height:100px\" aria-hidden=\"true\" class=\"wp-block-spacer\"><\/div>\n<\/div>","protected":false},"excerpt":{"rendered":"<p>Fournir une \u00e9nergie fiable, durable et abordable dans toute l\u2019Afrique La mission Ph\u00e9nix vise \u00e0 r\u00e9duire la tension des r\u00e9seaux \u00e9lectriques urbains et p\u00e9riurbains existants et \u00e0 am\u00e9liorer le taux d\u2019\u00e9lectrification en zone rurale. Nous proposons des technologies innovantes bas\u00e9e sur l&rsquo;energie solaire pour r\u00e9soudre les lacunes d&rsquo;\u00e9lectrification et leurs cons\u00e9quences (coupures, zones sans \u00e9clairage [&hellip;]<\/p>\n","protected":false},"author":2,"featured_media":0,"parent":0,"menu_order":0,"comment_status":"closed","ping_status":"closed","template":"no-title","meta":{"_crdt_document":"","footnotes":""},"class_list":["post-916","page","type-page","status-publish","hentry"],"_links":{"self":[{"href":"https:\/\/cege-partners.com\/en\/wp-json\/wp\/v2\/pages\/916","targetHints":{"allow":["GET"]}}],"collection":[{"href":"https:\/\/cege-partners.com\/en\/wp-json\/wp\/v2\/pages"}],"about":[{"href":"https:\/\/cege-partners.com\/en\/wp-json\/wp\/v2\/types\/page"}],"author":[{"embeddable":true,"href":"https:\/\/cege-partners.com\/en\/wp-json\/wp\/v2\/users\/2"}],"replies":[{"embeddable":true,"href":"https:\/\/cege-partners.com\/en\/wp-json\/wp\/v2\/comments?post=916"}],"version-history":[{"count":25,"href":"https:\/\/cege-partners.com\/en\/wp-json\/wp\/v2\/pages\/916\/revisions"}],"predecessor-version":[{"id":1392,"href":"https:\/\/cege-partners.com\/en\/wp-json\/wp\/v2\/pages\/916\/revisions\/1392"}],"wp:attachment":[{"href":"https:\/\/cege-partners.com\/en\/wp-json\/wp\/v2\/media?parent=916"}],"curies":[{"name":"wp","href":"https:\/\/api.w.org\/{rel}","templated":true}]}}